{"id":53,"date":"2024-10-16T22:02:11","date_gmt":"2024-10-16T20:02:11","guid":{"rendered":"https:\/\/kinderhilfe-ma-gi-ta.de\/?page_id=53"},"modified":"2024-10-16T22:20:05","modified_gmt":"2024-10-16T20:20:05","slug":"impressum","status":"publish","type":"page","link":"https:\/\/kinderhilfe-ma-gi-ta.de\/index.php\/impressum\/","title":{"rendered":"Impressum"},"content":{"rendered":"\n<h2 class=\"wp-block-heading\">Angaben gem\u00e4\u00df \u00a7 5 TMG:<\/h2>\n\n\n\n<p>HAND in Hand Kinderhilfe MA-GI-TA Leutkirch e. V.<\/p>\n\n\n\n<h2 class=\"wp-block-heading\">Postanschrift:<\/h2>\n\n\n\n<p>Bachstrasse 21<br>88299 Leutkirch im Allg\u00e4u<\/p>\n\n\n\n<h2 class=\"wp-block-heading\">Kontakt:<\/h2>\n\n\n\n<p>Telefon: +49 175 94 24 400<\/p>\n\n\n\n<h2 class=\"wp-block-heading\">Vertreten durch:<\/h2>\n\n\n\n<p>Elvira Jutta Luer<\/p>\n\n\n\n<h2 class=\"wp-block-heading\">Zust\u00e4ndig f\u00fcr den Second-Hand-Laden:<\/h2>\n\n\n\n<p>Gisela Tappe<\/p>\n\n\n\n<h2 class=\"wp-block-heading\">Eingetragen am<\/h2>\n\n\n\n<p>Amtsgericht Ulm<br>VR 721529<\/p>\n\n\n\n<h2 class=\"wp-block-heading\">Bankverbindung<\/h2>\n\n\n\n<figure class=\"wp-block-table is-style-regular has-normal-font-size\"><table style=\"border-style:none;border-width:0px\"><tbody><tr><td>IBAN<\/td><td>DE48 6505 0110 0101 1561 52<\/td><\/tr><tr><td>BIC<\/td><td>SOLADES1RVB<\/td><\/tr><tr><td>Bank<\/td><td>Sparkasse Leutkirch<\/td><\/tr><\/tbody><\/table><\/figure>\n\n\n\n<h2 class=\"wp-block-heading\">Mitglied im Familienb\u00fcndnis Leutkirch<\/h2>\n\n\n\n<h2 class=\"wp-block-heading\">Hinweise zur Website<\/h2>\n\n\n\n<h2 class=\"wp-block-heading\">Information gem\u00e4\u00df \u00a7 36 VSBG<\/h2>\n\n\n\n<p>Gem\u00e4\u00df \u00a7 36 VSBG (Verbraucherstreitbeilegungsgesetz \u2013 Gesetz \u00fcber die alternative Streitbeilegung in Verbrauchersachen) erkl\u00e4rt der Betreiber dieser Website:<\/p>\n\n\n\n<p>Wir sind weder bereit noch verpflichtet, an Streitbeilegungsverfahren vor einer Verbraucherschlichtungsstelle teilzunehmen.<\/p>\n\n\n\n<h2 class=\"wp-block-heading\">REALISIERUNG &amp; GESTALTUNG<\/h2>\n\n\n\n<p><strong>Bitcraft-Solutions<\/strong><\/p>\n\n\n\n<p><\/p>\n","protected":false},"excerpt":{"rendered":"<p>Angaben gem\u00e4\u00df \u00a7 5 TMG: HAND in Hand Kinderhilfe MA-GI-TA Leutkirch e. V. Postanschrift: Bachstrasse 2188299 Leutkirch im Allg\u00e4u Kontakt: Telefon: +49 175 94 24 400 Vertreten durch: Elvira Jutta Luer Zust\u00e4ndig f\u00fcr den Second-Hand-Laden: Gisela Tappe Eingetragen am Amtsgericht UlmVR 721529 Bankverbindung IBAN DE48 6505 0110 0101 1561 52 BIC SOLADES1RVB Bank Sparkasse Leutkirch [&hellip;]<\/p>\n","protected":false},"author":1,"featured_media":0,"parent":0,"menu_order":0,"comment_status":"closed","ping_status":"closed","template":"","meta":{"footnotes":""},"class_list":["post-53","page","type-page","status-publish","hentry"],"_links":{"self":[{"href":"https:\/\/kinderhilfe-ma-gi-ta.de\/index.php\/wp-json\/wp\/v2\/pages\/53","targetHints":{"allow":["GET"]}}],"collection":[{"href":"https:\/\/kinderhilfe-ma-gi-ta.de\/index.php\/wp-json\/wp\/v2\/pages"}],"about":[{"href":"https:\/\/kinderhilfe-ma-gi-ta.de\/index.php\/wp-json\/wp\/v2\/types\/page"}],"author":[{"embeddable":true,"href":"https:\/\/kinderhilfe-ma-gi-ta.de\/index.php\/wp-json\/wp\/v2\/users\/1"}],"replies":[{"embeddable":true,"href":"https:\/\/kinderhilfe-ma-gi-ta.de\/index.php\/wp-json\/wp\/v2\/comments?post=53"}],"version-history":[{"count":5,"href":"https:\/\/kinderhilfe-ma-gi-ta.de\/index.php\/wp-json\/wp\/v2\/pages\/53\/revisions"}],"predecessor-version":[{"id":68,"href":"https:\/\/kinderhilfe-ma-gi-ta.de\/index.php\/wp-json\/wp\/v2\/pages\/53\/revisions\/68"}],"wp:attachment":[{"href":"https:\/\/kinderhilfe-ma-gi-ta.de\/index.php\/wp-json\/wp\/v2\/media?parent=53"}],"curies":[{"name":"wp","href":"https:\/\/api.w.org\/{rel}","templated":true}]}}