{"id":42,"date":"2024-10-16T21:50:09","date_gmt":"2024-10-16T19:50:09","guid":{"rendered":"https:\/\/kinderhilfe-ma-gi-ta.de\/?page_id=42"},"modified":"2024-10-16T21:50:09","modified_gmt":"2024-10-16T19:50:09","slug":"danksagung","status":"publish","type":"page","link":"https:\/\/kinderhilfe-ma-gi-ta.de\/index.php\/danksagung\/","title":{"rendered":"Danksagung"},"content":{"rendered":"\n<p>Ein gro\u00dfer Dank geht an folgende Firmen bzw. Personen, die uns teilweise regelm\u00e4\u00dfig mit Sach- oder Geldspenden unterst\u00fctzen:<\/p>\n\n\n\n<ul class=\"wp-block-list\">\n<li>Mitarbeiter der elobau GmbH &amp; Co. KG<\/li>\n\n\n\n<li><a href=\"https:\/\/www.dm.de\/\">dm-drogerie markt GmbH + Co. KG<\/a><\/li>\n\n\n\n<li><a href=\"https:\/\/www.sport-d\u00f6rner.de\/\">Sport D\u00f6rner Inh. Ralf D\u00f6rner e. K.<\/a><\/li>\n<\/ul>\n","protected":false},"excerpt":{"rendered":"<p>Ein gro\u00dfer Dank geht an folgende Firmen bzw. Personen, die uns teilweise regelm\u00e4\u00dfig mit Sach- oder Geldspenden unterst\u00fctzen:<\/p>\n","protected":false},"author":1,"featured_media":0,"parent":0,"menu_order":0,"comment_status":"closed","ping_status":"closed","template":"","meta":{"footnotes":""},"class_list":["post-42","page","type-page","status-publish","hentry"],"_links":{"self":[{"href":"https:\/\/kinderhilfe-ma-gi-ta.de\/index.php\/wp-json\/wp\/v2\/pages\/42","targetHints":{"allow":["GET"]}}],"collection":[{"href":"https:\/\/kinderhilfe-ma-gi-ta.de\/index.php\/wp-json\/wp\/v2\/pages"}],"about":[{"href":"https:\/\/kinderhilfe-ma-gi-ta.de\/index.php\/wp-json\/wp\/v2\/types\/page"}],"author":[{"embeddable":true,"href":"https:\/\/kinderhilfe-ma-gi-ta.de\/index.php\/wp-json\/wp\/v2\/users\/1"}],"replies":[{"embeddable":true,"href":"https:\/\/kinderhilfe-ma-gi-ta.de\/index.php\/wp-json\/wp\/v2\/comments?post=42"}],"version-history":[{"count":1,"href":"https:\/\/kinderhilfe-ma-gi-ta.de\/index.php\/wp-json\/wp\/v2\/pages\/42\/revisions"}],"predecessor-version":[{"id":44,"href":"https:\/\/kinderhilfe-ma-gi-ta.de\/index.php\/wp-json\/wp\/v2\/pages\/42\/revisions\/44"}],"wp:attachment":[{"href":"https:\/\/kinderhilfe-ma-gi-ta.de\/index.php\/wp-json\/wp\/v2\/media?parent=42"}],"curies":[{"name":"wp","href":"https:\/\/api.w.org\/{rel}","templated":true}]}}