{"id":35,"date":"2024-10-16T21:43:27","date_gmt":"2024-10-16T19:43:27","guid":{"rendered":"https:\/\/kinderhilfe-ma-gi-ta.de\/?page_id=35"},"modified":"2024-10-16T21:52:52","modified_gmt":"2024-10-16T19:52:52","slug":"projekte","status":"publish","type":"page","link":"https:\/\/kinderhilfe-ma-gi-ta.de\/index.php\/projekte\/","title":{"rendered":"Projekte"},"content":{"rendered":"\n<h2 class=\"wp-block-heading\">Hier ein kleiner Ausschnitt unserer Hilfsprojekte f\u00fcr bed\u00fcrftige Familien:<\/h2>\n\n\n\n<p>Gutscheine f\u00fcr Schulbedarf, Bezuschussung von Sch\u00fclerbetreuung und Klassenfahrten (damit auch <strong>alle<\/strong> Kinder daran teilnehmen k\u00f6nnen!). Anteilige \u00dcbernahme von Fahrtkosten zu F\u00f6rderschulen au\u00dferhalb von Leutkirch. In akuten Notsituationen unterst\u00fctzen wir auch Familien mit Lebensmittelgutscheinen und kostenloser Bekleidung, W\u00e4sche und Haushaltsutensilien.<br>In mehreren F\u00e4llen hat der Verein auch M\u00f6bel vermittelt und angeliefert.<\/p>\n\n\n\n<p>Ebenso sind unsere gro\u00dfen Oster- und Weihnachtsaktionen regelrecht von den bed\u00fcrftigen Familien herbeigesehnt, da besonders bei solchen gro\u00dfen Jahresfesten sich die Armut in der Familie noch deutlicher zeigt.<\/p>\n\n\n\n<p>J\u00e4hrlich gibt der Verein Schuhgutscheine an die bed\u00fcrftigen Familien zu den unterschiedlichen Jahreszeiten aus (z. B. im Jahr 2020 f\u00fcr das 3. und 4. Quartal).<\/p>\n\n\n\n<p><strong>Jede Person kann spenden (Sach- oder Geldspende) und selbstverst\u00e4ndlich auch unsere vielf\u00e4ltigen Waren kaufen.<\/strong><\/p>\n","protected":false},"excerpt":{"rendered":"<p>Hier ein kleiner Ausschnitt unserer Hilfsprojekte f\u00fcr bed\u00fcrftige Familien: Gutscheine f\u00fcr Schulbedarf, Bezuschussung von Sch\u00fclerbetreuung und Klassenfahrten (damit auch alle Kinder daran teilnehmen k\u00f6nnen!). Anteilige \u00dcbernahme von Fahrtkosten zu F\u00f6rderschulen au\u00dferhalb von Leutkirch. In akuten Notsituationen unterst\u00fctzen wir auch Familien mit Lebensmittelgutscheinen und kostenloser Bekleidung, W\u00e4sche und Haushaltsutensilien.In mehreren F\u00e4llen hat der Verein auch M\u00f6bel [&hellip;]<\/p>\n","protected":false},"author":1,"featured_media":0,"parent":0,"menu_order":0,"comment_status":"closed","ping_status":"closed","template":"","meta":{"footnotes":""},"class_list":["post-35","page","type-page","status-publish","hentry"],"_links":{"self":[{"href":"https:\/\/kinderhilfe-ma-gi-ta.de\/index.php\/wp-json\/wp\/v2\/pages\/35","targetHints":{"allow":["GET"]}}],"collection":[{"href":"https:\/\/kinderhilfe-ma-gi-ta.de\/index.php\/wp-json\/wp\/v2\/pages"}],"about":[{"href":"https:\/\/kinderhilfe-ma-gi-ta.de\/index.php\/wp-json\/wp\/v2\/types\/page"}],"author":[{"embeddable":true,"href":"https:\/\/kinderhilfe-ma-gi-ta.de\/index.php\/wp-json\/wp\/v2\/users\/1"}],"replies":[{"embeddable":true,"href":"https:\/\/kinderhilfe-ma-gi-ta.de\/index.php\/wp-json\/wp\/v2\/comments?post=35"}],"version-history":[{"count":2,"href":"https:\/\/kinderhilfe-ma-gi-ta.de\/index.php\/wp-json\/wp\/v2\/pages\/35\/revisions"}],"predecessor-version":[{"id":50,"href":"https:\/\/kinderhilfe-ma-gi-ta.de\/index.php\/wp-json\/wp\/v2\/pages\/35\/revisions\/50"}],"wp:attachment":[{"href":"https:\/\/kinderhilfe-ma-gi-ta.de\/index.php\/wp-json\/wp\/v2\/media?parent=35"}],"curies":[{"name":"wp","href":"https:\/\/api.w.org\/{rel}","templated":true}]}}