{"id":26,"date":"2024-10-16T21:39:59","date_gmt":"2024-10-16T19:39:59","guid":{"rendered":"https:\/\/kinderhilfe-ma-gi-ta.de\/?page_id=26"},"modified":"2024-10-16T21:39:59","modified_gmt":"2024-10-16T19:39:59","slug":"ueber-uns","status":"publish","type":"page","link":"https:\/\/kinderhilfe-ma-gi-ta.de\/index.php\/ueber-uns\/","title":{"rendered":"\u00dcber uns"},"content":{"rendered":"\n<p>Wir, der Verein <strong>\u201eHAND in Hand\u201c Kinderhilfe MA-GI-TA, Leutkirch e. V<\/strong> sind ein <strong>privater<\/strong>, <strong>unabh\u00e4ngiger F\u00f6rderverein<\/strong>, der sich ausschlie\u00dflich f\u00fcr das Wohlergehen notleidender Kinder, <strong>vorwiegend unserer Stadt Leutkirch im sch\u00f6nen Allg\u00e4u und dem n\u00e4heren Umland<\/strong> einsetzt. <strong>Unabh\u00e4ngig von Herkunft und Religion!<\/strong><br>Stets sind wir auf der Suche nach Gleichgesinnten, die ebenfalls der Meinung sind, dass auch <strong>Kinder in Deutschland<\/strong> Unterst\u00fctzung brauchen!<\/p>\n\n\n\n<p>So konnte der Verein in den ersten 10 Jahren seines Bestehens vielen bed\u00fcrftigen Familien mit ihren Kindern, Schulen, Kinderg\u00e4rten und diversen Sportorganisationen usw. in vielerlei Form, vor allem schnelle und unb\u00fcrokratische Hilfe im Wert von ca. 223.000,00 \u20ac geben. Der Gro\u00dfteil dieses Gesamtbetrages wurde im vereinseigenen MA-GI-TA \u2013 Laden in der Bachstra\u00dfe (gegen\u00fcber dem Kino) durch den Verein mit seinen derzeit 28 Mitarbeiterinnen und Mitarbeitern in diesem Zeitraum mit unz\u00e4hligen Arbeitsstunden erwirtschaftet. Selbstverst\u00e4ndlich sind in diesem Gesamtbetrag auch verschiedene Spenden von Firmen und Privatpersonen enthalten, f\u00fcr die wir uns herzlichst bedanken.<\/p>\n\n\n\n<p><strong>Dieser Sozialladen wurde \u00fcbrigens im Laufe der letzten 10 Jahre zu einer festen Leutkircher Institution und einer dringend ben\u00f6tigten Anlaufstelle f\u00fcr bed\u00fcrftige Familien mit ihren Kindern.<\/strong><\/p>\n\n\n\n<p>Wenn alle von uns auch nur ein klein Wenig dazu tun, k\u00f6nnen wir den Kindern auch weiterhin unb\u00fcrokratische Hilfe vor Ort in Sachwerten oder verschiedenen Gutscheinarten gew\u00e4hren.<br><strong>Helfen deshalb auch Sie, durch die Unterst\u00fctzung unserer \u00f6rtlichen Institution, den Kindern in unserer Heimat ein besseres Leben zu erm\u00f6glichen, sie beider Bildung zu unterst\u00fctzen und Hilfe zu geben, wenn sie Probleme haben.<\/strong><\/p>\n\n\n\n<p><strong>Vielleich noch den Hinwei\u00df, dass der Verkauf von <strong>gepflegter<\/strong>, <strong>gebrauchter und sorgf\u00e4ltig ausgesuchter Bekleidung<\/strong> in der modischen Palette der \u201eletzten 60 Jahre\u201c inzwischen mehrere aus Leutkirch erfreut und <strong>der Verein dadurch die Nachhaltigkeit f\u00fcr den Umweltschutz vorbildlich bedient<\/strong>.<br>Das betrifft nat\u00fcrlich auch unsere weiteren Angebote, wie <strong>B\u00fccher<\/strong>, <strong>Haushalts- und Spielwaren<\/strong>, <strong>sowie Schmuck und DEKO-Artikel<\/strong>.<\/strong><\/p>\n\n\n\n<p>F\u00fcr Ihre Unterst\u00fctzung in jeglicher Form bedankt sich im Voraus Ihr MA-GI-TA \u2013 Team.<\/p>\n","protected":false},"excerpt":{"rendered":"<p>Wir, der Verein \u201eHAND in Hand\u201c Kinderhilfe MA-GI-TA, Leutkirch e. V sind ein privater, unabh\u00e4ngiger F\u00f6rderverein, der sich ausschlie\u00dflich f\u00fcr das Wohlergehen notleidender Kinder, vorwiegend unserer Stadt Leutkirch im sch\u00f6nen Allg\u00e4u und dem n\u00e4heren Umland einsetzt. Unabh\u00e4ngig von Herkunft und Religion!Stets sind wir auf der Suche nach Gleichgesinnten, die ebenfalls der Meinung sind, dass auch [&hellip;]<\/p>\n","protected":false},"author":1,"featured_media":0,"parent":0,"menu_order":0,"comment_status":"closed","ping_status":"closed","template":"","meta":{"footnotes":""},"class_list":["post-26","page","type-page","status-publish","hentry"],"_links":{"self":[{"href":"https:\/\/kinderhilfe-ma-gi-ta.de\/index.php\/wp-json\/wp\/v2\/pages\/26","targetHints":{"allow":["GET"]}}],"collection":[{"href":"https:\/\/kinderhilfe-ma-gi-ta.de\/index.php\/wp-json\/wp\/v2\/pages"}],"about":[{"href":"https:\/\/kinderhilfe-ma-gi-ta.de\/index.php\/wp-json\/wp\/v2\/types\/page"}],"author":[{"embeddable":true,"href":"https:\/\/kinderhilfe-ma-gi-ta.de\/index.php\/wp-json\/wp\/v2\/users\/1"}],"replies":[{"embeddable":true,"href":"https:\/\/kinderhilfe-ma-gi-ta.de\/index.php\/wp-json\/wp\/v2\/comments?post=26"}],"version-history":[{"count":1,"href":"https:\/\/kinderhilfe-ma-gi-ta.de\/index.php\/wp-json\/wp\/v2\/pages\/26\/revisions"}],"predecessor-version":[{"id":27,"href":"https:\/\/kinderhilfe-ma-gi-ta.de\/index.php\/wp-json\/wp\/v2\/pages\/26\/revisions\/27"}],"wp:attachment":[{"href":"https:\/\/kinderhilfe-ma-gi-ta.de\/index.php\/wp-json\/wp\/v2\/media?parent=26"}],"curies":[{"name":"wp","href":"https:\/\/api.w.org\/{rel}","templated":true}]}}