{"id":2,"date":"2024-10-16T18:57:08","date_gmt":"2024-10-16T16:57:08","guid":{"rendered":"http:\/\/kinderhilfe-ma-gi-ta.de\/?page_id=2"},"modified":"2025-04-03T20:06:40","modified_gmt":"2025-04-03T18:06:40","slug":"beispiel-seite","status":"publish","type":"page","link":"https:\/\/kinderhilfe-ma-gi-ta.de\/","title":{"rendered":"Aktuelles"},"content":{"rendered":"\n<figure class=\"wp-block-table alignwide\"><table class=\"has-border-color has-black-border-color has-fixed-layout\" style=\"border-width:1px\"><thead><tr><th class=\"has-text-align-left\" data-align=\"left\">Datum<\/th><th class=\"has-text-align-left\" data-align=\"left\">Information<\/th><\/tr><\/thead><tbody><tr><td class=\"has-text-align-left\" data-align=\"left\"><strong>Samstag, 12.04.2025 &#8211; 9:00 Uhr bis 13:00 Uhr<\/strong><\/td><td class=\"has-text-align-left\" data-align=\"left\"><img loading=\"lazy\" decoding=\"async\" width=\"500\" height=\"707\" class=\"wp-image-93\" style=\"width: 500px;\" src=\"https:\/\/kinderhilfe-ma-gi-ta.de\/wp-content\/uploads\/2025\/04\/Epson_27032025151016-scaled.jpg\" alt=\"\" srcset=\"https:\/\/kinderhilfe-ma-gi-ta.de\/wp-content\/uploads\/2025\/04\/Epson_27032025151016-scaled.jpg 1810w, https:\/\/kinderhilfe-ma-gi-ta.de\/wp-content\/uploads\/2025\/04\/Epson_27032025151016-212x300.jpg 212w, https:\/\/kinderhilfe-ma-gi-ta.de\/wp-content\/uploads\/2025\/04\/Epson_27032025151016-724x1024.jpg 724w, https:\/\/kinderhilfe-ma-gi-ta.de\/wp-content\/uploads\/2025\/04\/Epson_27032025151016-768x1086.jpg 768w, https:\/\/kinderhilfe-ma-gi-ta.de\/wp-content\/uploads\/2025\/04\/Epson_27032025151016-1086x1536.jpg 1086w, https:\/\/kinderhilfe-ma-gi-ta.de\/wp-content\/uploads\/2025\/04\/Epson_27032025151016-1448x2048.jpg 1448w\" sizes=\"auto, (max-width: 500px) 100vw, 500px\" \/><\/td><\/tr><tr><td class=\"has-text-align-left\" data-align=\"left\"><strong>Samstag, 07.12.2024 &#8211; ab 9:00 Uhr<\/strong><\/td><td class=\"has-text-align-left\" data-align=\"left\"><img loading=\"lazy\" decoding=\"async\" width=\"500\" height=\"697\" class=\"wp-image-71\" style=\"width: 500px;\" src=\"https:\/\/kinderhilfe-ma-gi-ta.de\/wp-content\/uploads\/2024\/12\/WhatsApp-Bild-2024-12-04-um-16.37.08_7ce66803.jpg\" alt=\"\" srcset=\"https:\/\/kinderhilfe-ma-gi-ta.de\/wp-content\/uploads\/2024\/12\/WhatsApp-Bild-2024-12-04-um-16.37.08_7ce66803.jpg 898w, https:\/\/kinderhilfe-ma-gi-ta.de\/wp-content\/uploads\/2024\/12\/WhatsApp-Bild-2024-12-04-um-16.37.08_7ce66803-215x300.jpg 215w, https:\/\/kinderhilfe-ma-gi-ta.de\/wp-content\/uploads\/2024\/12\/WhatsApp-Bild-2024-12-04-um-16.37.08_7ce66803-735x1024.jpg 735w, https:\/\/kinderhilfe-ma-gi-ta.de\/wp-content\/uploads\/2024\/12\/WhatsApp-Bild-2024-12-04-um-16.37.08_7ce66803-768x1070.jpg 768w\" sizes=\"auto, (max-width: 500px) 100vw, 500px\" \/><ul><li>Gro\u00dfer Nikolausbazar von Ma-Gi-Ta Kinderhilfe in der Bachstr.<\/li><li>Ca. 10 St\u00e4nde laden zum schauen und zum kaufen ein. Dazu ein Punsch und Crepes Stand (Kinder erhalten alle einen Gutschein f\u00fcr einen Punsch und Crepes).<\/li><li>Wir basteln mit Kindern und Eltern Weihnachtsbaum-Schmuck. Der Nikolaus ist von <strong>9.00 Uhr bis 13.00 Uhr<\/strong> anwesend und verteilt Nikolaus\u00a0Geschenke.<\/li><\/ul><br><a href=\"https:\/\/kinderhilfe-ma-gi-ta.de\/index.php\/gallerie\/\">Bilder vom letzten Jahr<\/a><\/td><\/tr><\/tbody><\/table><\/figure>\n\n\n\n<p><\/p>\n","protected":false},"excerpt":{"rendered":"<p>Datum Information Samstag, 12.04.2025 &#8211; 9:00 Uhr bis 13:00 Uhr Samstag, 07.12.2024 &#8211; ab 9:00 Uhr Gro\u00dfer Nikolausbazar von Ma-Gi-Ta Kinderhilfe in der Bachstr. Ca. 10 St\u00e4nde laden zum schauen und zum kaufen ein. Dazu ein Punsch und Crepes Stand (Kinder erhalten alle einen Gutschein f\u00fcr einen Punsch und Crepes). Wir basteln mit Kindern und [&hellip;]<\/p>\n","protected":false},"author":1,"featured_media":0,"parent":0,"menu_order":0,"comment_status":"closed","ping_status":"open","template":"","meta":{"footnotes":""},"class_list":["post-2","page","type-page","status-publish","hentry"],"_links":{"self":[{"href":"https:\/\/kinderhilfe-ma-gi-ta.de\/index.php\/wp-json\/wp\/v2\/pages\/2","targetHints":{"allow":["GET"]}}],"collection":[{"href":"https:\/\/kinderhilfe-ma-gi-ta.de\/index.php\/wp-json\/wp\/v2\/pages"}],"about":[{"href":"https:\/\/kinderhilfe-ma-gi-ta.de\/index.php\/wp-json\/wp\/v2\/types\/page"}],"author":[{"embeddable":true,"href":"https:\/\/kinderhilfe-ma-gi-ta.de\/index.php\/wp-json\/wp\/v2\/users\/1"}],"replies":[{"embeddable":true,"href":"https:\/\/kinderhilfe-ma-gi-ta.de\/index.php\/wp-json\/wp\/v2\/comments?post=2"}],"version-history":[{"count":11,"href":"https:\/\/kinderhilfe-ma-gi-ta.de\/index.php\/wp-json\/wp\/v2\/pages\/2\/revisions"}],"predecessor-version":[{"id":92,"href":"https:\/\/kinderhilfe-ma-gi-ta.de\/index.php\/wp-json\/wp\/v2\/pages\/2\/revisions\/92"}],"wp:attachment":[{"href":"https:\/\/kinderhilfe-ma-gi-ta.de\/index.php\/wp-json\/wp\/v2\/media?parent=2"}],"curies":[{"name":"wp","href":"https:\/\/api.w.org\/{rel}","templated":true}]}}